{"id":2,"date":"2025-12-26T23:12:16","date_gmt":"2025-12-26T23:12:16","guid":{"rendered":"http:\/\/lalisteupie.fr\/?page_id=2"},"modified":"2026-01-04T21:36:30","modified_gmt":"2026-01-04T21:36:30","slug":"a-propos","status":"publish","type":"page","link":"https:\/\/www.lalisteupie.fr\/index.php\/a-propos\/","title":{"rendered":"Qui sommes-nous"},"content":{"rendered":"\n<p><strong>La Liste UPIE Unir Partager Imaginer Ensemble, se pr\u00e9sente pour les \u00e9lections municipales de mars 2026 \u00e0 Upie. Elle veut travailler avec le plus grand nombre d\u2019Upiennes et Upiens. Elle est \u00e9paul\u00e9e en particulier par un collectif, appel\u00e9 \u00e0 s\u2019agrandir. Il partage avec la liste, ses valeurs&nbsp;:<\/strong><\/p>\n\n\n\n<p><strong>Nos valeurs&nbsp;:<\/strong><\/p>\n\n\n\n<p>Prendre soin du vivant est au c\u0153ur de notre engagement et guidera l\u2019ensemble de nos d\u00e9cisions et de nos actions. Nous d\u00e9fendons des convictions claires, au service exclusif de l\u2019int\u00e9r\u00eat g\u00e9n\u00e9ral et d\u2019un service public exigeant, juste et accessible.<\/p>\n\n\n\n<p>Nous agirons pour renforcer le lien humain et la solidarit\u00e9 entre les habitants, pr\u00e9server notre qualit\u00e9 de vie et soutenir de mani\u00e8re \u00e9quitable les acteurs locaux qui font vivre notre village. Chaque projet engag\u00e9 sera pens\u00e9 avec un impact respectueux sur notre environnement.<\/p>\n\n\n\n<p>Ces engagements seront port\u00e9s par une \u00e9quipe dynamique et responsable, capable d\u2019agir avec humilit\u00e9, int\u00e9grit\u00e9 et cr\u00e9ativit\u00e9, en tenant compte avec lucidit\u00e9 des moyens humains et financiers dont nous disposons.<\/p>\n\n\n\n<p><strong>Comment le collectif et la Liste UPIE fonctionnent-ils&nbsp;? <\/strong><\/p>\n\n\n\n<p>Notre ambition&nbsp;? \u00catre une municipalit\u00e9 qui poursuit les efforts du mandat pr\u00e9c\u00e9dent en mati\u00e8re de d\u00e9mocratie locale&nbsp;: \u00e9coute, temps de travail collaboratifs et transparence des d\u00e9cisions. Dans un monde o\u00f9 il est difficile de trouver du temps, de ne pas se sentir sursollicit\u00e9s, nous faciliterons la contribution de chacun par des moyens de communication traditionnels ou innovants.<\/p>\n\n\n\n<p>Nous croyons en la force du collectif pour partager la grande t\u00e2che que repr\u00e9sente la gestion d\u2019une commune. Chacun sa part, selon ses moyens. Nous veillerons \u00e0 associer les habitants et habitantes au travail sur les projets structurants du village.<\/p>\n\n\n\n<p>Ensemble, b\u00e2tissons une politique locale \u00e0 la hauteur des attentes de notre temps : ambitieuse, inclusive et tourn\u00e9e vers les solutions.<\/p>\n\n\n\n<figure class=\"wp-block-image size-full\"><img loading=\"lazy\" decoding=\"async\" width=\"2160\" height=\"1620\" src=\"https:\/\/www.lalisteupie.fr\/wp-content\/uploads\/2026\/01\/collectif_photo_VF_haute_qualite.jpeg\" alt=\"photo-collectif-2025.12.debut\" class=\"wp-image-371\" srcset=\"https:\/\/www.lalisteupie.fr\/wp-content\/uploads\/2026\/01\/collectif_photo_VF_haute_qualite.jpeg 2160w, https:\/\/www.lalisteupie.fr\/wp-content\/uploads\/2026\/01\/collectif_photo_VF_haute_qualite-300x225.jpeg 300w, https:\/\/www.lalisteupie.fr\/wp-content\/uploads\/2026\/01\/collectif_photo_VF_haute_qualite-1024x768.jpeg 1024w, https:\/\/www.lalisteupie.fr\/wp-content\/uploads\/2026\/01\/collectif_photo_VF_haute_qualite-768x576.jpeg 768w, https:\/\/www.lalisteupie.fr\/wp-content\/uploads\/2026\/01\/collectif_photo_VF_haute_qualite-1536x1152.jpeg 1536w, https:\/\/www.lalisteupie.fr\/wp-content\/uploads\/2026\/01\/collectif_photo_VF_haute_qualite-2048x1536.jpeg 2048w, https:\/\/www.lalisteupie.fr\/wp-content\/uploads\/2026\/01\/collectif_photo_VF_haute_qualite-1440x1080.jpeg 1440w\" sizes=\"(max-width: 2160px) 100vw, 2160px\" \/><\/figure>\n\n\n\n<p><\/p>\n","protected":false},"excerpt":{"rendered":"<p>La Liste UPIE Unir Partager Imaginer Ensemble, se pr\u00e9sente pour les \u00e9lections municipales de mars 2026 \u00e0 Upie. Elle veut travailler avec le plus grand nombre d\u2019Upiennes et Upiens. Elle est \u00e9paul\u00e9e en particulier par un collectif, appel\u00e9 \u00e0 s\u2019agrandir. Il partage avec la liste, ses valeurs&nbsp;: Nos valeurs&nbsp;: Prendre soin du vivant est au [&hellip;]<\/p>\n","protected":false},"author":1,"featured_media":0,"parent":0,"menu_order":0,"comment_status":"closed","ping_status":"open","template":"page-qui-somms-nous-modele","meta":{"saved_in_kubio":true,"footnotes":""},"folder":[],"class_list":["post-2","page","type-page","status-publish","hentry"],"kubio_ai_page_context":{"short_desc":"","purpose":"general"},"_links":{"self":[{"href":"https:\/\/www.lalisteupie.fr\/index.php\/wp-json\/wp\/v2\/pages\/2","targetHints":{"allow":["GET"]}}],"collection":[{"href":"https:\/\/www.lalisteupie.fr\/index.php\/wp-json\/wp\/v2\/pages"}],"about":[{"href":"https:\/\/www.lalisteupie.fr\/index.php\/wp-json\/wp\/v2\/types\/page"}],"author":[{"embeddable":true,"href":"https:\/\/www.lalisteupie.fr\/index.php\/wp-json\/wp\/v2\/users\/1"}],"replies":[{"embeddable":true,"href":"https:\/\/www.lalisteupie.fr\/index.php\/wp-json\/wp\/v2\/comments?post=2"}],"version-history":[{"count":7,"href":"https:\/\/www.lalisteupie.fr\/index.php\/wp-json\/wp\/v2\/pages\/2\/revisions"}],"predecessor-version":[{"id":372,"href":"https:\/\/www.lalisteupie.fr\/index.php\/wp-json\/wp\/v2\/pages\/2\/revisions\/372"}],"wp:attachment":[{"href":"https:\/\/www.lalisteupie.fr\/index.php\/wp-json\/wp\/v2\/media?parent=2"}],"wp:term":[{"taxonomy":"folder","embeddable":true,"href":"https:\/\/www.lalisteupie.fr\/index.php\/wp-json\/wp\/v2\/folder?post=2"}],"curies":[{"name":"wp","href":"https:\/\/api.w.org\/{rel}","templated":true}]}}