{"id":804,"date":"2026-03-03T09:55:35","date_gmt":"2026-03-03T09:55:35","guid":{"rendered":"https:\/\/www.lalisteupie.fr\/?page_id=804"},"modified":"2026-03-03T10:00:22","modified_gmt":"2026-03-03T10:00:22","slug":"profession-de-foi-la-liste-upie","status":"publish","type":"page","link":"https:\/\/www.lalisteupie.fr\/index.php\/profession-de-foi-la-liste-upie\/","title":{"rendered":"Profession de foi &#8211; La Liste UPIE"},"content":{"rendered":"\n<figure class=\"wp-block-image size-large\"><img loading=\"lazy\" decoding=\"async\" width=\"1024\" height=\"576\" src=\"https:\/\/www.lalisteupie.fr\/wp-content\/uploads\/2026\/01\/logo-LaListe-UPIE-edited-1024x576.jpg\" alt=\"\" class=\"wp-image-421\" srcset=\"https:\/\/www.lalisteupie.fr\/wp-content\/uploads\/2026\/01\/logo-LaListe-UPIE-edited-1024x576.jpg 1024w, https:\/\/www.lalisteupie.fr\/wp-content\/uploads\/2026\/01\/logo-LaListe-UPIE-edited-300x169.jpg 300w, https:\/\/www.lalisteupie.fr\/wp-content\/uploads\/2026\/01\/logo-LaListe-UPIE-edited-768x432.jpg 768w, https:\/\/www.lalisteupie.fr\/wp-content\/uploads\/2026\/01\/logo-LaListe-UPIE-edited-1536x864.jpg 1536w, https:\/\/www.lalisteupie.fr\/wp-content\/uploads\/2026\/01\/logo-LaListe-UPIE-edited-2048x1153.jpg 2048w, https:\/\/www.lalisteupie.fr\/wp-content\/uploads\/2026\/01\/logo-LaListe-UPIE-edited-1920x1080.jpg 1920w\" sizes=\"(max-width: 1024px) 100vw, 1024px\" \/><\/figure>\n\n\n\n<details class=\"wp-block-details is-layout-flow wp-block-details-is-layout-flow\"><summary>Introduction<br><\/summary>\n<p>Les \u00e9lections municipales ne parlent pas d\u2019id\u00e9ologie au sens des grands clivages nationaux. Elles concernent<br><strong>notre quotidien<\/strong> : notre qualit\u00e9 de vie, notre \u00e9cole, nos associations, nos a\u00een\u00e9s, nos jeunes, nos commerces, nos routes, de la <strong>n\u00e9cessit\u00e9 de prendre soin du vivant sous toutes ses formes<\/strong>. Elles parlent de l\u2019avenir concret de <strong>notre village<\/strong>.<\/p>\n\n\n\n<details class=\"wp-block-details is-layout-flow wp-block-details-is-layout-flow\"><summary>Pr\u00e9sentation du candidat maire Alain Gsell<\/summary>\n<p>J\u2019ai eu l\u2019occasion de me pr\u00e9senter \u00e0 vous ces derni\u00e8res semaines et j\u2019esp\u00e8re que ma personne vous est d\u00e9sormais un peu plus famili\u00e8re.<\/p>\n\n\n\n<p>Et pour ceux qui disent encore \u00ab\u00a0ne pas me conna\u00eetre\u00a0\u00bb, j\u2019esp\u00e8re qu\u2019ils sont l\u00e0 ce soir<\/p>\n\n\n\n<ul class=\"wp-block-list\">\n<li>Concernant mon <strong><mark style=\"background-color:rgba(0, 0, 0, 0)\" class=\"has-inline-color has-kubio-color-4-color\">parcours professionnel<\/mark><\/strong>\u00a0:\n<ul class=\"wp-block-list\">\n<li>j\u2019ai travaill\u00e9 <strong>42 ans dans le monde du chiffre, et de la comptabilit\u00e9<\/strong>, avant de prendre ma retraite en 2023\u00a0:<\/li>\n\n\n\n<li>j\u2019ai occup\u00e9 le poste de <strong>directeur comptable<\/strong> dans une entreprise d\u2019envergure <strong>internationale<\/strong> pendant 10 ans<\/li>\n\n\n\n<li>j\u2019ai \u00e9t\u00e9 investi <strong>30 ans<\/strong> au sein d\u2019un <strong>cabinet d\u2019expertise comptable \u00e0 Valence<\/strong>, dans lequel j\u2019\u00e9tais associ\u00e9, en qualit\u00e9 de <strong>commissaire aux comptes<\/strong>.\n<ul class=\"wp-block-list\">\n<li>A ce titre, j\u2019ai pr\u00eat\u00e9 <strong>serment pour exercer mes fonctions en toute ind\u00e9pendance et \u00e9quit\u00e9, dans le respect de la loi<\/strong>.<\/li>\n\n\n\n<li>Cet engagement \u00e9thique, je continuerai \u00e0 le porter au service de notre commune.<\/li>\n<\/ul>\n<\/li>\n<\/ul>\n<\/li>\n<\/ul>\n\n\n\n<ul class=\"wp-block-list\">\n<li>Mes missions m\u2019ont amen\u00e9 \u00e0 travailler<strong> au contact des entreprises, des associations<\/strong>, notamment dans les domaines du <strong>m\u00e9dico-social<\/strong>, du <strong>handicap<\/strong>, de l\u2019aide aux victimes, du SAMU social, de l\u2019h\u00e9bergement d\u2019urgence ou encore de la <strong>m\u00e9diation<\/strong>.<\/li>\n<\/ul>\n\n\n\n<ul class=\"wp-block-list\">\n<li>Cette exp\u00e9rience professionnelle me permet, aujourd\u2019hui encore, de rester <strong>en lien avec beaucoup d\u2019acteurs de ces r\u00e9seaux<\/strong>.<\/li>\n<\/ul>\n\n\n\n<ul class=\"wp-block-list\">\n<li>Sur le plan de la vie locale :\n<ul class=\"wp-block-list\">\n<li><strong>Elu \u00e0 Tain-l\u2019Hermitage<\/strong> sur le mandat <strong>2008-2014<\/strong>, j\u2019ai \u00e9t\u00e9 membre des <strong>commissions FINANCE et SPORTS<\/strong><\/li>\n<\/ul>\n<\/li>\n<\/ul>\n\n\n\n<ul class=\"wp-block-list\">\n<li>Quant \u00e0 mon implication dans la vie associative\u00a0:\n<ul class=\"wp-block-list\">\n<li>j\u2019ai \u00e9t\u00e9 TRESORIER dans un <strong>club de cyclisme<\/strong> pendant 10 ans<\/li>\n\n\n\n<li>j\u2019ai aussi contribu\u00e9 \u00e0 l\u2019<strong>organisation des derniers Championnats d\u2019Europe<\/strong> de cyclisme \u00e0 Valence en 2025 ;<\/li>\n\n\n\n<li>Enfin j\u2019ai particip\u00e9 r\u00e9cemment au <strong>spectacle de la l\u00e9gende d\u2019Andarta<\/strong> au sein de l\u2019association <strong>UPIDUM<\/strong>.<\/li>\n\n\n\n<li>Je vous confie aussi ma passion\u00a0: le <strong>rugby<\/strong>. J\u2019ai pratiqu\u00e9 \u00e0 Romans et \u00e0 Bobigny, en division nationale.<\/li>\n<\/ul>\n<\/li>\n<\/ul>\n\n\n\n<p><strong>________________________________________________________<\/strong><\/p>\n\n\n\n<p>J\u2019ai l\u2019honneur d\u2019avoir \u00e9t\u00e9 choisi <strong>t\u00eate de liste<\/strong>, candidat maire pour ces \u00e9lections municipales, \u00e0 la suite d\u2019un <strong>processus collectif<\/strong>, o\u00f9 l\u2019ensemble des comp\u00e9tences et des valeurs n\u00e9cessaires \u00e0 la fonction de maire ont \u00e9t\u00e9 rassembl\u00e9es.<\/p>\n\n\n\n<p><strong>Avec Fanny, je conduis donc la liste<\/strong> <strong>UPIE \u2013 Unir, Partager, Imaginer Ensemble<\/strong>.<\/p>\n\n\n\n<p>Mon engagement s\u2019est ainsi construit au fil des derniers mois.<\/p>\n\n\n\n<p>Il n\u2019est pas le fruit d\u2019une ambition soudaine et personnelle, mais d\u2019une r\u00e9flexion profonde, nourrie par les \u00e9changes, les rencontres et l\u2019\u00e9coute de vos pr\u00e9occupations.<\/p>\n\n\n\n<p>Aujourd\u2019hui, cette candidature repr\u00e9sente pour moi une v\u00e9ritable motivation.<\/p>\n\n\n\n<p>C\u2019est un engagement fort, un challenge exigeant, un d\u00e9fi que je suis pr\u00eat \u00e0 relever avec d\u00e9termination et humilit\u00e9.<\/p>\n\n\n\n<p>J\u2019ai choisi de venir vivre \u00e0 Upie et j\u2019y ai trouv\u00e9 un v\u00e9ritable \u00e9quilibre.<\/p>\n\n\n\n<p>Je souhaite donc mettre toute mon \u00e9nergie au service de notre commune. <strong>Ma disponibilit\u00e9 sera un atout majeur<\/strong> : je serai pleinement engag\u00e9, pr\u00e9sent, \u00e0 l\u2019\u00e9coute, et mobilis\u00e9 pour faire avancer nos projets et r\u00e9pondre aux attentes de chacun.<\/p>\n\n\n\n<p><strong>Mais une \u00e9lection municipale n\u2019est jamais une aventure individuelle. C\u2019est une \u00e9quipe.<\/strong><\/p>\n\n\n\n<p>Je vais donc maintenant laisser la parole \u00e0 <strong>Fanny ARCIDIACO<\/strong>, que nous proposons comme <strong>premi\u00e8re adjointe<\/strong> pour former ensemble un bin\u00f4me compl\u00e9mentaire et paritaire<\/p>\n<\/details>\n<\/details>\n","protected":false},"excerpt":{"rendered":"","protected":false},"author":1,"featured_media":421,"parent":0,"menu_order":0,"comment_status":"closed","ping_status":"closed","template":"","meta":{"saved_in_kubio":false,"footnotes":""},"folder":[],"class_list":["post-804","page","type-page","status-publish","has-post-thumbnail","hentry"],"kubio_ai_page_context":{"short_desc":"","purpose":"general"},"_links":{"self":[{"href":"https:\/\/www.lalisteupie.fr\/index.php\/wp-json\/wp\/v2\/pages\/804","targetHints":{"allow":["GET"]}}],"collection":[{"href":"https:\/\/www.lalisteupie.fr\/index.php\/wp-json\/wp\/v2\/pages"}],"about":[{"href":"https:\/\/www.lalisteupie.fr\/index.php\/wp-json\/wp\/v2\/types\/page"}],"author":[{"embeddable":true,"href":"https:\/\/www.lalisteupie.fr\/index.php\/wp-json\/wp\/v2\/users\/1"}],"replies":[{"embeddable":true,"href":"https:\/\/www.lalisteupie.fr\/index.php\/wp-json\/wp\/v2\/comments?post=804"}],"version-history":[{"count":2,"href":"https:\/\/www.lalisteupie.fr\/index.php\/wp-json\/wp\/v2\/pages\/804\/revisions"}],"predecessor-version":[{"id":807,"href":"https:\/\/www.lalisteupie.fr\/index.php\/wp-json\/wp\/v2\/pages\/804\/revisions\/807"}],"wp:featuredmedia":[{"embeddable":true,"href":"https:\/\/www.lalisteupie.fr\/index.php\/wp-json\/wp\/v2\/media\/421"}],"wp:attachment":[{"href":"https:\/\/www.lalisteupie.fr\/index.php\/wp-json\/wp\/v2\/media?parent=804"}],"wp:term":[{"taxonomy":"folder","embeddable":true,"href":"https:\/\/www.lalisteupie.fr\/index.php\/wp-json\/wp\/v2\/folder?post=804"}],"curies":[{"name":"wp","href":"https:\/\/api.w.org\/{rel}","templated":true}]}}